{"id":3597,"date":"2020-10-15T03:16:37","date_gmt":"2020-10-15T07:16:37","guid":{"rendered":"https:\/\/tcco.dev\/aranaorchards\/blogue\/"},"modified":"2024-07-17T12:19:56","modified_gmt":"2024-07-17T16:19:56","slug":"sante-et-recettes","status":"publish","type":"page","link":"https:\/\/aranaorchards.ca\/fr\/sante-et-recettes\/","title":{"rendered":"Sant\u00e9 et recettes"},"content":{"rendered":"\t\t<div data-elementor-type=\"wp-page\" data-elementor-id=\"3597\" class=\"elementor elementor-3597 elementor-930\" data-elementor-post-type=\"page\">\n\t\t\t\t\t\t<section class=\"elementor-section elementor-top-section elementor-element elementor-element-c6e30c0 elementor-section-boxed elementor-section-height-default elementor-section-height-default\" data-id=\"c6e30c0\" data-element_type=\"section\" data-e-type=\"section\" data-settings=\"{&quot;background_background&quot;:&quot;classic&quot;,&quot;background_image&quot;:{&quot;url&quot;:&quot;https:\\\/\\\/aranaorchards.ca\\\/wp-content\\\/uploads\\\/2020\\\/11\\\/vt-bg-9.jpg&quot;,&quot;id&quot;:3513,&quot;size&quot;:&quot;&quot;},&quot;background_motion_fx_motion_fx_scrolling&quot;:&quot;yes&quot;,&quot;background_motion_fx_translateY_effect&quot;:&quot;yes&quot;,&quot;background_motion_fx_translateY_speed&quot;:{&quot;unit&quot;:&quot;px&quot;,&quot;size&quot;:10,&quot;sizes&quot;:[]},&quot;shape_divider_bottom&quot;:&quot;split&quot;,&quot;shape_divider_bottom_negative&quot;:&quot;yes&quot;,&quot;background_image_tablet&quot;:{&quot;url&quot;:&quot;&quot;,&quot;id&quot;:&quot;&quot;,&quot;size&quot;:&quot;&quot;},&quot;background_image_mobile&quot;:{&quot;url&quot;:&quot;&quot;,&quot;id&quot;:&quot;&quot;,&quot;size&quot;:&quot;&quot;},&quot;background_motion_fx_translateY_affectedRange&quot;:{&quot;unit&quot;:&quot;%&quot;,&quot;size&quot;:&quot;&quot;,&quot;sizes&quot;:{&quot;start&quot;:0,&quot;end&quot;:100}},&quot;background_motion_fx_devices&quot;:[&quot;desktop&quot;,&quot;tablet&quot;,&quot;mobile&quot;]}\">\n\t\t\t\t\t\t\t<div class=\"elementor-background-overlay\"><\/div>\n\t\t\t\t\t\t<div class=\"elementor-shape elementor-shape-bottom\" aria-hidden=\"true\" data-negative=\"true\">\n\t\t\t<svg xmlns=\"http:\/\/www.w3.org\/2000\/svg\" viewBox=\"0 0 1000 20\" preserveAspectRatio=\"none\">\n\t<path class=\"elementor-shape-fill\" d=\"M519.8,0.2c-11,0-19.8,8.5-19.8,19c0-10.4-8.8-19-19.8-19L0,0v20h1000V0.2H519.8z\"\/>\n<\/svg>\t\t<\/div>\n\t\t\t\t\t<div class=\"elementor-container elementor-column-gap-default\">\n\t\t\t\t\t<div class=\"elementor-column elementor-col-100 elementor-top-column elementor-element elementor-element-cd2d7e1\" data-id=\"cd2d7e1\" data-element_type=\"column\" data-e-type=\"column\" data-settings=\"{&quot;background_background&quot;:&quot;classic&quot;}\">\n\t\t\t<div class=\"elementor-widget-wrap elementor-element-populated\">\n\t\t\t\t\t\t<div class=\"elementor-element elementor-element-b258637 elementor-widget elementor-widget-heading\" data-id=\"b258637\" data-element_type=\"widget\" data-e-type=\"widget\" data-widget_type=\"heading.default\">\n\t\t\t\t<div class=\"elementor-widget-container\">\n\t\t\t\t\t<h1 class=\"elementor-heading-title elementor-size-default\">Sant\u00e9 et recettes<\/h1>\t\t\t\t<\/div>\n\t\t\t\t<\/div>\n\t\t\t\t\t<\/div>\n\t\t<\/div>\n\t\t\t\t\t<\/div>\n\t\t<\/section>\n\t\t\t\t<section class=\"elementor-section elementor-top-section elementor-element elementor-element-7b6ed16 elementor-section-full_width elementor-section-height-default elementor-section-height-default\" data-id=\"7b6ed16\" data-element_type=\"section\" data-e-type=\"section\">\n\t\t\t\t\t\t<div class=\"elementor-container elementor-column-gap-no\">\n\t\t\t\t\t<div class=\"elementor-column elementor-col-100 elementor-top-column elementor-element elementor-element-8ef10b6\" data-id=\"8ef10b6\" data-element_type=\"column\" data-e-type=\"column\">\n\t\t\t<div class=\"elementor-widget-wrap elementor-element-populated\">\n\t\t\t\t\t\t<div class=\"elementor-element elementor-element-4eac39b ee-grid-columns-tablet-1 ee-grid-columns-2 ee-posts-thumbnail-ratio ee-grid-columns-mobile-1 ee-posts-layout-collapse--mobile ee-posts-align-top ee-posts-avatar-position-left elementor-widget elementor-widget-posts-extra\" data-id=\"4eac39b\" data-element_type=\"widget\" data-e-type=\"widget\" data-settings=\"{&quot;classic_filters_not_found_text&quot;:&quot;There are no blog posts available. Please check again soon.&quot;,&quot;classic_grid_columns_spacing&quot;:{&quot;unit&quot;:&quot;px&quot;,&quot;size&quot;:&quot;&quot;,&quot;sizes&quot;:[]},&quot;columns_tablet&quot;:&quot;1&quot;,&quot;classic_layout&quot;:&quot;masonry&quot;,&quot;columns&quot;:&quot;2&quot;,&quot;classic_filters_show_all&quot;:&quot;yes&quot;,&quot;classic_filters&quot;:&quot;yes&quot;,&quot;classic_infinite_scroll&quot;:&quot;yes&quot;,&quot;columns_mobile&quot;:&quot;1&quot;,&quot;classic_grid_columns_spacing_tablet&quot;:{&quot;unit&quot;:&quot;px&quot;,&quot;size&quot;:12,&quot;sizes&quot;:[]},&quot;classic_grid_columns_spacing_mobile&quot;:{&quot;unit&quot;:&quot;px&quot;,&quot;size&quot;:0,&quot;sizes&quot;:[]}}\" data-widget_type=\"posts-extra.classic\">\n\t\t\t\t<div class=\"elementor-widget-container\">\n\t\t\t\t\t<div class=\"ee-posts__nothing-found\">There are currently no blog posts. Please check again soon.<\/div>\t\t\t\t<\/div>\n\t\t\t\t<\/div>\n\t\t\t\t\t<\/div>\n\t\t<\/div>\n\t\t\t\t\t<\/div>\n\t\t<\/section>\n\t\t\t\t<\/div>\n\t\t","protected":false},"excerpt":{"rendered":"<p>Sant\u00e9 et recettes All Health Recipes There are no blog posts available. Please check again soon. Getting the most out of your fruit Discover a few tips and tricks when it comes to getting the most our of your freshly picked fruit. Let&#8217;s make sure that none go to waste. Reasons you should be eating [&hellip;]<\/p>\n","protected":false},"author":5,"featured_media":0,"parent":0,"menu_order":6,"comment_status":"closed","ping_status":"closed","template":"elementor_header_footer","meta":{"_acf_changed":false,"footnotes":""},"class_list":["post-3597","page","type-page","status-publish","hentry"],"acf":[],"yoast_head":"<!-- This site is optimized with the Yoast SEO Premium plugin v22.7 (Yoast SEO v27.5) - https:\/\/yoast.com\/product\/yoast-seo-premium-wordpress\/ -->\n<title>Un blogue de trucs et recettes sant\u00e9<\/title>\n<meta name=\"description\" content=\"Trucs et astuces sant\u00e9 et recettes qui englobent les produits vendus aux Vergers d&#039;Arana. D\u00e9couvrez notre blog de contenu informatif.\" \/>\n<meta name=\"robots\" content=\"index, follow, max-snippet:-1, max-image-preview:large, max-video-preview:-1\" \/>\n<link rel=\"canonical\" href=\"https:\/\/aranaorchards.ca\/health-and-recipes\/\" \/>\n<meta property=\"og:locale\" content=\"fr_FR\" \/>\n<meta property=\"og:type\" content=\"article\" \/>\n<meta property=\"og:title\" content=\"Sant\u00e9 et recettes\" \/>\n<meta property=\"og:description\" content=\"Trucs et astuces sant\u00e9 et recettes qui englobent les produits vendus aux Vergers d&#039;Arana. D\u00e9couvrez notre blog de contenu informatif.\" \/>\n<meta property=\"og:url\" content=\"https:\/\/aranaorchards.ca\/health-and-recipes\/\" \/>\n<meta property=\"og:site_name\" content=\"Arana Orchards\" \/>\n<meta property=\"article:publisher\" content=\"https:\/\/www.facebook.com\/vergerdt\/\" \/>\n<meta property=\"article:modified_time\" content=\"2024-07-17T16:19:56+00:00\" \/>\n<meta property=\"og:image\" content=\"https:\/\/aranaorchards.ca\/wp-content\/uploads\/2020\/12\/vt-34.jpg\" \/>\n<meta name=\"twitter:card\" content=\"summary_large_image\" \/>\n<script type=\"application\/ld+json\" class=\"yoast-schema-graph\">{\"@context\":\"https:\\\/\\\/schema.org\",\"@graph\":[{\"@type\":\"WebPage\",\"@id\":\"https:\\\/\\\/aranaorchards.ca\\\/health-and-recipes\\\/\",\"url\":\"https:\\\/\\\/aranaorchards.ca\\\/health-and-recipes\\\/\",\"name\":\"Un blogue de trucs et recettes sant\u00e9\",\"isPartOf\":{\"@id\":\"https:\\\/\\\/tcco.dev\\\/aranaorchards\\\/#website\"},\"primaryImageOfPage\":{\"@id\":\"https:\\\/\\\/aranaorchards.ca\\\/health-and-recipes\\\/#primaryimage\"},\"image\":{\"@id\":\"https:\\\/\\\/aranaorchards.ca\\\/health-and-recipes\\\/#primaryimage\"},\"thumbnailUrl\":\"https:\\\/\\\/aranaorchards.ca\\\/wp-content\\\/uploads\\\/2020\\\/12\\\/vt-34.jpg\",\"datePublished\":\"2020-10-15T07:16:37+00:00\",\"dateModified\":\"2024-07-17T16:19:56+00:00\",\"description\":\"Trucs et astuces sant\u00e9 et recettes qui englobent les produits vendus aux Vergers d'Arana. D\u00e9couvrez notre blog de contenu informatif.\",\"breadcrumb\":{\"@id\":\"https:\\\/\\\/aranaorchards.ca\\\/health-and-recipes\\\/#breadcrumb\"},\"inLanguage\":\"fr-FR\",\"potentialAction\":[{\"@type\":\"ReadAction\",\"target\":[\"https:\\\/\\\/aranaorchards.ca\\\/health-and-recipes\\\/\"]}]},{\"@type\":\"ImageObject\",\"inLanguage\":\"fr-FR\",\"@id\":\"https:\\\/\\\/aranaorchards.ca\\\/health-and-recipes\\\/#primaryimage\",\"url\":\"https:\\\/\\\/aranaorchards.ca\\\/wp-content\\\/uploads\\\/2020\\\/12\\\/vt-34.jpg\",\"contentUrl\":\"https:\\\/\\\/aranaorchards.ca\\\/wp-content\\\/uploads\\\/2020\\\/12\\\/vt-34.jpg\"},{\"@type\":\"BreadcrumbList\",\"@id\":\"https:\\\/\\\/aranaorchards.ca\\\/health-and-recipes\\\/#breadcrumb\",\"itemListElement\":[{\"@type\":\"ListItem\",\"position\":1,\"name\":\"Home\",\"item\":\"https:\\\/\\\/aranaorchards.ca\\\/\"},{\"@type\":\"ListItem\",\"position\":2,\"name\":\"Sant\u00e9 et recettes\"}]},{\"@type\":\"WebSite\",\"@id\":\"https:\\\/\\\/tcco.dev\\\/aranaorchards\\\/#website\",\"url\":\"https:\\\/\\\/tcco.dev\\\/aranaorchards\\\/\",\"name\":\"Arana Orchards\",\"description\":\"Haskaps and Cherries\",\"publisher\":{\"@id\":\"https:\\\/\\\/tcco.dev\\\/aranaorchards\\\/#organization\"},\"potentialAction\":[{\"@type\":\"SearchAction\",\"target\":{\"@type\":\"EntryPoint\",\"urlTemplate\":\"https:\\\/\\\/tcco.dev\\\/aranaorchards\\\/?s={search_term_string}\"},\"query-input\":{\"@type\":\"PropertyValueSpecification\",\"valueRequired\":true,\"valueName\":\"search_term_string\"}}],\"inLanguage\":\"fr-FR\"},{\"@type\":\"Organization\",\"@id\":\"https:\\\/\\\/tcco.dev\\\/aranaorchards\\\/#organization\",\"name\":\"Verger du Terroir\",\"url\":\"https:\\\/\\\/tcco.dev\\\/aranaorchards\\\/\",\"logo\":{\"@type\":\"ImageObject\",\"inLanguage\":\"fr-FR\",\"@id\":\"https:\\\/\\\/tcco.dev\\\/aranaorchards\\\/#\\\/schema\\\/logo\\\/image\\\/\",\"url\":\"https:\\\/\\\/aranaorchards.ca\\\/wp-content\\\/uploads\\\/2024\\\/08\\\/cropped-AO-logo-tagline.png\",\"contentUrl\":\"https:\\\/\\\/aranaorchards.ca\\\/wp-content\\\/uploads\\\/2024\\\/08\\\/cropped-AO-logo-tagline.png\",\"width\":430,\"height\":430,\"caption\":\"Verger du Terroir\"},\"image\":{\"@id\":\"https:\\\/\\\/tcco.dev\\\/aranaorchards\\\/#\\\/schema\\\/logo\\\/image\\\/\"},\"sameAs\":[\"https:\\\/\\\/www.facebook.com\\\/vergerdt\\\/\",\"https:\\\/\\\/www.instagram.com\\\/vergerduterroir\\\/\"]}]}<\/script>\n<!-- \/ Yoast SEO Premium plugin. -->","yoast_head_json":{"title":"Un blogue de trucs et recettes sant\u00e9","description":"Trucs et astuces sant\u00e9 et recettes qui englobent les produits vendus aux Vergers d'Arana. D\u00e9couvrez notre blog de contenu informatif.","robots":{"index":"index","follow":"follow","max-snippet":"max-snippet:-1","max-image-preview":"max-image-preview:large","max-video-preview":"max-video-preview:-1"},"canonical":"https:\/\/aranaorchards.ca\/health-and-recipes\/","og_locale":"fr_FR","og_type":"article","og_title":"Sant\u00e9 et recettes","og_description":"Trucs et astuces sant\u00e9 et recettes qui englobent les produits vendus aux Vergers d'Arana. D\u00e9couvrez notre blog de contenu informatif.","og_url":"https:\/\/aranaorchards.ca\/health-and-recipes\/","og_site_name":"Arana Orchards","article_publisher":"https:\/\/www.facebook.com\/vergerdt\/","article_modified_time":"2024-07-17T16:19:56+00:00","og_image":[{"url":"https:\/\/aranaorchards.ca\/wp-content\/uploads\/2020\/12\/vt-34.jpg","type":"","width":"","height":""}],"twitter_card":"summary_large_image","schema":{"@context":"https:\/\/schema.org","@graph":[{"@type":"WebPage","@id":"https:\/\/aranaorchards.ca\/health-and-recipes\/","url":"https:\/\/aranaorchards.ca\/health-and-recipes\/","name":"Un blogue de trucs et recettes sant\u00e9","isPartOf":{"@id":"https:\/\/tcco.dev\/aranaorchards\/#website"},"primaryImageOfPage":{"@id":"https:\/\/aranaorchards.ca\/health-and-recipes\/#primaryimage"},"image":{"@id":"https:\/\/aranaorchards.ca\/health-and-recipes\/#primaryimage"},"thumbnailUrl":"https:\/\/aranaorchards.ca\/wp-content\/uploads\/2020\/12\/vt-34.jpg","datePublished":"2020-10-15T07:16:37+00:00","dateModified":"2024-07-17T16:19:56+00:00","description":"Trucs et astuces sant\u00e9 et recettes qui englobent les produits vendus aux Vergers d'Arana. D\u00e9couvrez notre blog de contenu informatif.","breadcrumb":{"@id":"https:\/\/aranaorchards.ca\/health-and-recipes\/#breadcrumb"},"inLanguage":"fr-FR","potentialAction":[{"@type":"ReadAction","target":["https:\/\/aranaorchards.ca\/health-and-recipes\/"]}]},{"@type":"ImageObject","inLanguage":"fr-FR","@id":"https:\/\/aranaorchards.ca\/health-and-recipes\/#primaryimage","url":"https:\/\/aranaorchards.ca\/wp-content\/uploads\/2020\/12\/vt-34.jpg","contentUrl":"https:\/\/aranaorchards.ca\/wp-content\/uploads\/2020\/12\/vt-34.jpg"},{"@type":"BreadcrumbList","@id":"https:\/\/aranaorchards.ca\/health-and-recipes\/#breadcrumb","itemListElement":[{"@type":"ListItem","position":1,"name":"Home","item":"https:\/\/aranaorchards.ca\/"},{"@type":"ListItem","position":2,"name":"Sant\u00e9 et recettes"}]},{"@type":"WebSite","@id":"https:\/\/tcco.dev\/aranaorchards\/#website","url":"https:\/\/tcco.dev\/aranaorchards\/","name":"Arana Orchards","description":"Haskaps and Cherries","publisher":{"@id":"https:\/\/tcco.dev\/aranaorchards\/#organization"},"potentialAction":[{"@type":"SearchAction","target":{"@type":"EntryPoint","urlTemplate":"https:\/\/tcco.dev\/aranaorchards\/?s={search_term_string}"},"query-input":{"@type":"PropertyValueSpecification","valueRequired":true,"valueName":"search_term_string"}}],"inLanguage":"fr-FR"},{"@type":"Organization","@id":"https:\/\/tcco.dev\/aranaorchards\/#organization","name":"Verger du Terroir","url":"https:\/\/tcco.dev\/aranaorchards\/","logo":{"@type":"ImageObject","inLanguage":"fr-FR","@id":"https:\/\/tcco.dev\/aranaorchards\/#\/schema\/logo\/image\/","url":"https:\/\/aranaorchards.ca\/wp-content\/uploads\/2024\/08\/cropped-AO-logo-tagline.png","contentUrl":"https:\/\/aranaorchards.ca\/wp-content\/uploads\/2024\/08\/cropped-AO-logo-tagline.png","width":430,"height":430,"caption":"Verger du Terroir"},"image":{"@id":"https:\/\/tcco.dev\/aranaorchards\/#\/schema\/logo\/image\/"},"sameAs":["https:\/\/www.facebook.com\/vergerdt\/","https:\/\/www.instagram.com\/vergerduterroir\/"]}]}},"_links":{"self":[{"href":"https:\/\/aranaorchards.ca\/fr\/wp-json\/wp\/v2\/pages\/3597","targetHints":{"allow":["GET"]}}],"collection":[{"href":"https:\/\/aranaorchards.ca\/fr\/wp-json\/wp\/v2\/pages"}],"about":[{"href":"https:\/\/aranaorchards.ca\/fr\/wp-json\/wp\/v2\/types\/page"}],"author":[{"embeddable":true,"href":"https:\/\/aranaorchards.ca\/fr\/wp-json\/wp\/v2\/users\/5"}],"replies":[{"embeddable":true,"href":"https:\/\/aranaorchards.ca\/fr\/wp-json\/wp\/v2\/comments?post=3597"}],"version-history":[{"count":0,"href":"https:\/\/aranaorchards.ca\/fr\/wp-json\/wp\/v2\/pages\/3597\/revisions"}],"wp:attachment":[{"href":"https:\/\/aranaorchards.ca\/fr\/wp-json\/wp\/v2\/media?parent=3597"}],"curies":[{"name":"wp","href":"https:\/\/api.w.org\/{rel}","templated":true}]}}